{"id":802,"date":"2026-02-23T02:10:26","date_gmt":"2026-02-22T23:10:26","guid":{"rendered":"https:\/\/hedefbilgitoplumu.com\/konfigurasyon-asistani\/?page_id=802"},"modified":"2026-02-23T02:10:28","modified_gmt":"2026-02-22T23:10:28","slug":"iletisim","status":"publish","type":"page","link":"https:\/\/hedefbilgitoplumu.com\/konfigurasyon-asistani\/iletisim\/","title":{"rendered":"\u0130leti\u015fim"},"content":{"rendered":"<h2>\u0130leti\u015fim<\/h2>\n<p>\u0130stek ve \u00f6nerileriniz i\u00e7in bizimle ileti\u015fime ge\u00e7ebilirsiniz.<br \/>\n<span style=\"color: #ff6600;\"><strong>Payla\u015f\u0131lmas\u0131n\u0131 istedi\u011finiz i\u00e7erikleri<\/strong><\/span> e-posta ile iletebilirsiniz.<\/p>\n<p><strong>\u0130lgili Ki\u015fi:<\/strong> B\u00fclent Gerenler<\/p>\n<p><strong>\ud83d\udcde Telefon:<\/strong> <a href=\"tel:+905302011112\">0530 201 11 12<\/a><\/p>\n<p><strong>\u2709\ufe0f E-posta:<\/strong> <a href=\"mailto:bulent@hedefbilgitoplumu.com\"><span style=\"cursor: pointer; color: blue; text-decoration: underline;\"> bulent@hedefbilgitoplumu.com <\/span><\/a><\/p>\n","protected":false},"excerpt":{"rendered":"<p>\u0130leti\u015fim \u0130stek ve \u00f6nerileriniz i\u00e7in bizimle ileti\u015fime ge\u00e7ebilirsiniz. Payla\u015f\u0131lmas\u0131n\u0131 istedi\u011finiz i\u00e7erikleri e-posta ile iletebilirsiniz. \u0130lgili Ki\u015fi: B\u00fclent Gerenler \ud83d\udcde Telefon: 0530 201 11 12 \u2709\ufe0f E-posta: bulent@hedefbilgitoplumu.com<\/p>\n","protected":false},"author":1,"featured_media":0,"parent":0,"menu_order":0,"comment_status":"closed","ping_status":"closed","template":"","meta":{"footnotes":""},"class_list":["post-802","page","type-page","status-publish","hentry"],"_links":{"self":[{"href":"https:\/\/hedefbilgitoplumu.com\/konfigurasyon-asistani\/wp-json\/wp\/v2\/pages\/802","targetHints":{"allow":["GET"]}}],"collection":[{"href":"https:\/\/hedefbilgitoplumu.com\/konfigurasyon-asistani\/wp-json\/wp\/v2\/pages"}],"about":[{"href":"https:\/\/hedefbilgitoplumu.com\/konfigurasyon-asistani\/wp-json\/wp\/v2\/types\/page"}],"author":[{"embeddable":true,"href":"https:\/\/hedefbilgitoplumu.com\/konfigurasyon-asistani\/wp-json\/wp\/v2\/users\/1"}],"replies":[{"embeddable":true,"href":"https:\/\/hedefbilgitoplumu.com\/konfigurasyon-asistani\/wp-json\/wp\/v2\/comments?post=802"}],"version-history":[{"count":1,"href":"https:\/\/hedefbilgitoplumu.com\/konfigurasyon-asistani\/wp-json\/wp\/v2\/pages\/802\/revisions"}],"predecessor-version":[{"id":804,"href":"https:\/\/hedefbilgitoplumu.com\/konfigurasyon-asistani\/wp-json\/wp\/v2\/pages\/802\/revisions\/804"}],"wp:attachment":[{"href":"https:\/\/hedefbilgitoplumu.com\/konfigurasyon-asistani\/wp-json\/wp\/v2\/media?parent=802"}],"curies":[{"name":"wp","href":"https:\/\/api.w.org\/{rel}","templated":true}]}}